{"id":72,"date":"2015-01-24T09:31:56","date_gmt":"2015-01-24T09:31:56","guid":{"rendered":"http:\/\/ox-araber-hoher-flaeming.de\/blog\/?page_id=72"},"modified":"2016-07-23T14:47:39","modified_gmt":"2016-07-23T12:47:39","slug":"arthemis","status":"publish","type":"page","link":"http:\/\/ox-araber-hoher-flaeming.de\/?page_id=72","title":{"rendered":"Arthemis *05.05.2013"},"content":{"rendered":"<p>\n<div class=\"ngg-galleryoverview ngg-slideshow\"\n\tid=\"ngg-slideshow-b21377dc82e8afd812c57dac8274d17c-7496521120\"\n\tdata-gallery-id=\"b21377dc82e8afd812c57dac8274d17c\"\n\tstyle=\"max-width: 600px;\n\t\t\tmax-height: 400px;\n\t\t\tdisplay: none;\">\n\n\t\n\t\t<a href=\"http:\/\/ox-araber-hoher-flaeming.de\/blog\/wp-content\/gallery\/arthemis\/IMG_8190.JPG\"\n\t\t\ttitle=\"Arthemis\"\n\t\t\tdata-src=\"http:\/\/ox-araber-hoher-flaeming.de\/blog\/wp-content\/gallery\/arthemis\/IMG_8190.JPG\"\n\t\t\tdata-thumbnail=\"http:\/\/ox-araber-hoher-flaeming.de\/blog\/wp-content\/gallery\/arthemis\/thumbs\/thumbs_IMG_8190.JPG\"\n\t\t\tdata-image-id=\"79\"\n\t\t\tdata-title=\"IMG_8190\"\n\t\t\tdata-description=\"Arthemis\"\n\t\t\t\t\t\t\t\t\t\t\t\t\t\t\tclass=\"ngg-fancybox\" rel=\"b21377dc82e8afd812c57dac8274d17c\">\n\t\t\t\n\t\t\t<img data-image-id='79'\n\t\t\t\ttitle=\"Arthemis\"\n\t\t\t\talt=\"IMG_8190\"\n\t\t\t\tsrc=\"http:\/\/ox-araber-hoher-flaeming.de\/blog\/wp-content\/gallery\/arthemis\/IMG_8190.JPG\"\n\t\t\t\tstyle=\"max-height: 380px;\"\/>\n\t\t<\/a>\n\n\t\t\n\t\t<a href=\"http:\/\/ox-araber-hoher-flaeming.de\/blog\/wp-content\/gallery\/arthemis\/IMG_8240.JPG\"\n\t\t\ttitle=\"Metis \/ Arthemis\"\n\t\t\tdata-src=\"http:\/\/ox-araber-hoher-flaeming.de\/blog\/wp-content\/gallery\/arthemis\/IMG_8240.JPG\"\n\t\t\tdata-thumbnail=\"http:\/\/ox-araber-hoher-flaeming.de\/blog\/wp-content\/gallery\/arthemis\/thumbs\/thumbs_IMG_8240.JPG\"\n\t\t\tdata-image-id=\"80\"\n\t\t\tdata-title=\"IMG_8240\"\n\t\t\tdata-description=\"Metis \/ Arthemis\"\n\t\t\t\t\t\t\t\t\t\t\t\t\t\t\tclass=\"ngg-fancybox\" rel=\"b21377dc82e8afd812c57dac8274d17c\">\n\t\t\t\n\t\t\t<img data-image-id='80'\n\t\t\t\ttitle=\"Metis \/ Arthemis\"\n\t\t\t\talt=\"IMG_8240\"\n\t\t\t\tsrc=\"http:\/\/ox-araber-hoher-flaeming.de\/blog\/wp-content\/gallery\/arthemis\/IMG_8240.JPG\"\n\t\t\t\tstyle=\"max-height: 380px;\"\/>\n\t\t<\/a>\n\n\t\t\n\t\t<a href=\"http:\/\/ox-araber-hoher-flaeming.de\/blog\/wp-content\/gallery\/arthemis\/IMGP8669.JPG\"\n\t\t\ttitle=\"Arthemis\"\n\t\t\tdata-src=\"http:\/\/ox-araber-hoher-flaeming.de\/blog\/wp-content\/gallery\/arthemis\/IMGP8669.JPG\"\n\t\t\tdata-thumbnail=\"http:\/\/ox-araber-hoher-flaeming.de\/blog\/wp-content\/gallery\/arthemis\/thumbs\/thumbs_IMGP8669.JPG\"\n\t\t\tdata-image-id=\"63\"\n\t\t\tdata-title=\"IMGP8669\"\n\t\t\tdata-description=\"Arthemis\"\n\t\t\t\t\t\t\t\t\t\t\t\t\t\t\tclass=\"ngg-fancybox\" rel=\"b21377dc82e8afd812c57dac8274d17c\">\n\t\t\t\n\t\t\t<img data-image-id='63'\n\t\t\t\ttitle=\"Arthemis\"\n\t\t\t\talt=\"IMGP8669\"\n\t\t\t\tsrc=\"http:\/\/ox-araber-hoher-flaeming.de\/blog\/wp-content\/gallery\/arthemis\/IMGP8669.JPG\"\n\t\t\t\tstyle=\"max-height: 380px;\"\/>\n\t\t<\/a>\n\n\t\t\n\t\t<a href=\"http:\/\/ox-araber-hoher-flaeming.de\/blog\/wp-content\/gallery\/arthemis\/IMGP6483-klein.jpg\"\n\t\t\ttitle=\"Arthemis\"\n\t\t\tdata-src=\"http:\/\/ox-araber-hoher-flaeming.de\/blog\/wp-content\/gallery\/arthemis\/IMGP6483-klein.jpg\"\n\t\t\tdata-thumbnail=\"http:\/\/ox-araber-hoher-flaeming.de\/blog\/wp-content\/gallery\/arthemis\/thumbs\/thumbs_IMGP6483-klein.jpg\"\n\t\t\tdata-image-id=\"8\"\n\t\t\tdata-title=\"IMGP6483-klein\"\n\t\t\tdata-description=\"Arthemis\"\n\t\t\t\t\t\t\t\t\t\t\t\t\t\t\tclass=\"ngg-fancybox\" rel=\"b21377dc82e8afd812c57dac8274d17c\">\n\t\t\t\n\t\t\t<img data-image-id='8'\n\t\t\t\ttitle=\"Arthemis\"\n\t\t\t\talt=\"IMGP6483-klein\"\n\t\t\t\tsrc=\"http:\/\/ox-araber-hoher-flaeming.de\/blog\/wp-content\/gallery\/arthemis\/IMGP6483-klein.jpg\"\n\t\t\t\tstyle=\"max-height: 380px;\"\/>\n\t\t<\/a>\n\n\t\t\n\t\t<a href=\"http:\/\/ox-araber-hoher-flaeming.de\/blog\/wp-content\/gallery\/arthemis\/IMGP6444-klein.jpg\"\n\t\t\ttitle=\"Arthemis\"\n\t\t\tdata-src=\"http:\/\/ox-araber-hoher-flaeming.de\/blog\/wp-content\/gallery\/arthemis\/IMGP6444-klein.jpg\"\n\t\t\tdata-thumbnail=\"http:\/\/ox-araber-hoher-flaeming.de\/blog\/wp-content\/gallery\/arthemis\/thumbs\/thumbs_IMGP6444-klein.jpg\"\n\t\t\tdata-image-id=\"7\"\n\t\t\tdata-title=\"IMGP6444-klein\"\n\t\t\tdata-description=\"Arthemis\"\n\t\t\t\t\t\t\t\t\t\t\t\t\t\t\tclass=\"ngg-fancybox\" rel=\"b21377dc82e8afd812c57dac8274d17c\">\n\t\t\t\n\t\t\t<img data-image-id='7'\n\t\t\t\ttitle=\"Arthemis\"\n\t\t\t\talt=\"IMGP6444-klein\"\n\t\t\t\tsrc=\"http:\/\/ox-araber-hoher-flaeming.de\/blog\/wp-content\/gallery\/arthemis\/IMGP6444-klein.jpg\"\n\t\t\t\tstyle=\"max-height: 380px;\"\/>\n\t\t<\/a>\n\n\t\t\n\t\t<a href=\"http:\/\/ox-araber-hoher-flaeming.de\/blog\/wp-content\/gallery\/arthemis\/IMGP6497-klein.jpg\"\n\t\t\ttitle=\"AndyGirl \/ Athemis\"\n\t\t\tdata-src=\"http:\/\/ox-araber-hoher-flaeming.de\/blog\/wp-content\/gallery\/arthemis\/IMGP6497-klein.jpg\"\n\t\t\tdata-thumbnail=\"http:\/\/ox-araber-hoher-flaeming.de\/blog\/wp-content\/gallery\/arthemis\/thumbs\/thumbs_IMGP6497-klein.jpg\"\n\t\t\tdata-image-id=\"9\"\n\t\t\tdata-title=\"IMGP6497-klein\"\n\t\t\tdata-description=\"AndyGirl \/ Athemis\"\n\t\t\t\t\t\t\t\t\t\t\t\t\t\t\tclass=\"ngg-fancybox\" rel=\"b21377dc82e8afd812c57dac8274d17c\">\n\t\t\t\n\t\t\t<img data-image-id='9'\n\t\t\t\ttitle=\"AndyGirl \/ Athemis\"\n\t\t\t\talt=\"IMGP6497-klein\"\n\t\t\t\tsrc=\"http:\/\/ox-araber-hoher-flaeming.de\/blog\/wp-content\/gallery\/arthemis\/IMGP6497-klein.jpg\"\n\t\t\t\tstyle=\"max-height: 380px;\"\/>\n\t\t<\/a>\n\n\t\t<\/div>\n\n\t\t<!-- Thumbnails Link -->\n\t<div class=\"slideshowlink\" style=\"max-width: 600px;\">\n\t\t<a href='http:\/\/ox-araber-hoher-flaeming.de\/index.php\/nggallery\/thumbnails?page_id=72'>[Zeige Vorschaubilder]<\/a>\n\t<\/div>\n\n<\/p>\n<p>Die Stute ARTHEMIS ox v. Towaresh v. Drakon a.d. \u00a0H.S. Andy Girl v. Andrut hat leistungsgepr\u00fcfte Eltern, ist eine gro\u00df gewachsene Sch\u00f6nheit mit raumgreifender\u00a0Galoppade ist vom ZSAA mit einem * pr\u00e4miert und ins Leistungszuchtbuch eingetragen.<\/p>\n<h2 style=\"text-align: center;\">Pedigree: ARTHEMIS<\/h2>\n<table class=\"pedigree\" border=\"1\" width=\"80%\" cellspacing=\"1\" cellpadding=\"4\" align=\"center\">\n<colgroup>\n<col width=\"20%\" \/>\n<col width=\"20%\" \/>\n<col width=\"20%\" \/>\n<col width=\"20%\" \/>\n<col width=\"20%\" \/><\/colgroup>\n<tbody>\n<tr>\n<td rowspan=\"16\" align=\"center\">ARTHEMIS<br \/>\n*05.05.2013<\/td>\n<td rowspan=\"8\" align=\"center\">TOWARESH<br \/>\n*1996<\/td>\n<td rowspan=\"4\" align=\"center\">DRAKON<br \/>\n*1985<\/td>\n<td rowspan=\"2\" align=\"center\">PRIZRAK<br \/>\n*1970<\/td>\n<td align=\"center\">KANKAN<br \/>\n*1954<\/td>\n<\/tr>\n<tr>\n<td align=\"center\">PTASHKA<br \/>\n*1953<\/td>\n<\/tr>\n<tr>\n<td rowspan=\"2\" align=\"center\">PRIKHOT<br \/>\n*1967<\/td>\n<td align=\"center\">SPORT<br \/>\n*1957<\/td>\n<\/tr>\n<tr>\n<td align=\"center\">PERIKOLA<br \/>\n*1962<\/td>\n<\/tr>\n<tr>\n<td rowspan=\"4\" align=\"center\">TOLA<br \/>\n*1976<\/td>\n<td rowspan=\"2\" align=\"center\">ELFUR<br \/>\n*1966<\/td>\n<td align=\"center\">CZORT<br \/>\n*1949<\/td>\n<\/tr>\n<tr>\n<td align=\"center\">ELLORA<br \/>\n*1950<\/td>\n<\/tr>\n<tr>\n<td rowspan=\"2\" align=\"center\">TESEMKA<br \/>\n*1972<\/td>\n<td align=\"center\">SPORT<br \/>\n*1957<\/td>\n<\/tr>\n<tr>\n<td align=\"center\">TIEN<br \/>\n*1968<\/td>\n<\/tr>\n<tr>\n<td rowspan=\"8\" align=\"center\">H.S.ANDY GIRL<br \/>\n*2001<\/td>\n<td rowspan=\"4\" align=\"center\">ANDRUT<br \/>\n*1967<\/td>\n<td rowspan=\"2\" align=\"center\">NEGATIW<br \/>\n*1945<\/td>\n<td align=\"center\">NASEEM<br \/>\n*1922<\/td>\n<\/tr>\n<tr>\n<td align=\"center\">TARSZCZA<br \/>\n*1937<\/td>\n<\/tr>\n<tr>\n<td rowspan=\"2\" align=\"center\">ANDORRA<br \/>\n*<\/td>\n<td align=\"center\">PIETUSZOK<br \/>\n*1954<\/td>\n<\/tr>\n<tr>\n<td align=\"center\">ARWILA<br \/>\n*1962<\/td>\n<\/tr>\n<tr>\n<td rowspan=\"4\" align=\"center\">H.S.MOGIDA<br \/>\n*1985<\/td>\n<td rowspan=\"2\" align=\"center\">PADRON<br \/>\n*1957<\/td>\n<td align=\"center\">PATRON<br \/>\n*1945<\/td>\n<\/tr>\n<tr>\n<td align=\"center\">ODESSA<br \/>\n*1948<\/td>\n<\/tr>\n<tr>\n<td rowspan=\"2\" align=\"center\">MOSSI<br \/>\n*1961<\/td>\n<td align=\"center\">NURI SCHALA<br \/>\n*<\/td>\n<\/tr>\n<tr>\n<td align=\"center\">MADERA<br \/>\n*<\/td>\n<\/tr>\n<\/tbody>\n<\/table>\n","protected":false},"excerpt":{"rendered":"<p>[Zeige Vorschaubilder] Die Stute ARTHEMIS ox v. Towaresh v. Drakon a.d. \u00a0H.S. Andy Girl v. Andrut hat leistungsgepr\u00fcfte Eltern, ist eine gro\u00df gewachsene Sch\u00f6nheit mit raumgreifender\u00a0Galoppade ist vom ZSAA mit einem * pr\u00e4miert und ins Leistungszuchtbuch eingetragen. Pedigree: ARTHEMIS ARTHEMIS *05.05.2013 TOWARESH *1996 DRAKON *1985 PRIZRAK *1970 KANKAN *1954 PTASHKA *1953 PRIKHOT *1967 SPORT *1957 &hellip; <a href=\"http:\/\/ox-araber-hoher-flaeming.de\/?page_id=72\" class=\"more-link\"><span class=\"screen-reader-text\">Arthemis *05.05.2013<\/span> weiterlesen <span class=\"meta-nav\">&rarr;<\/span><\/a><\/p>\n","protected":false},"author":1,"featured_media":0,"parent":41,"menu_order":0,"comment_status":"closed","ping_status":"open","template":"","meta":{"ngg_post_thumbnail":0,"footnotes":""},"_links":{"self":[{"href":"http:\/\/ox-araber-hoher-flaeming.de\/index.php?rest_route=\/wp\/v2\/pages\/72"}],"collection":[{"href":"http:\/\/ox-araber-hoher-flaeming.de\/index.php?rest_route=\/wp\/v2\/pages"}],"about":[{"href":"http:\/\/ox-araber-hoher-flaeming.de\/index.php?rest_route=\/wp\/v2\/types\/page"}],"author":[{"embeddable":true,"href":"http:\/\/ox-araber-hoher-flaeming.de\/index.php?rest_route=\/wp\/v2\/users\/1"}],"replies":[{"embeddable":true,"href":"http:\/\/ox-araber-hoher-flaeming.de\/index.php?rest_route=%2Fwp%2Fv2%2Fcomments&post=72"}],"version-history":[{"count":16,"href":"http:\/\/ox-araber-hoher-flaeming.de\/index.php?rest_route=\/wp\/v2\/pages\/72\/revisions"}],"predecessor-version":[{"id":533,"href":"http:\/\/ox-araber-hoher-flaeming.de\/index.php?rest_route=\/wp\/v2\/pages\/72\/revisions\/533"}],"up":[{"embeddable":true,"href":"http:\/\/ox-araber-hoher-flaeming.de\/index.php?rest_route=\/wp\/v2\/pages\/41"}],"wp:attachment":[{"href":"http:\/\/ox-araber-hoher-flaeming.de\/index.php?rest_route=%2Fwp%2Fv2%2Fmedia&parent=72"}],"curies":[{"name":"wp","href":"https:\/\/api.w.org\/{rel}","templated":true}]}}