{"id":70,"date":"2015-01-24T09:29:27","date_gmt":"2015-01-24T09:29:27","guid":{"rendered":"http:\/\/ox-araber-hoher-flaeming.de\/blog\/?page_id=70"},"modified":"2016-07-20T22:21:50","modified_gmt":"2016-07-20T20:21:50","slug":"el-watib-euben-familie-der-gazella-koheilan-agjus-1845","status":"publish","type":"page","link":"http:\/\/ox-araber-hoher-flaeming.de\/?page_id=70","title":{"rendered":"El Watib * 30.03.1992"},"content":{"rendered":"<p>\n<div class=\"ngg-galleryoverview ngg-slideshow\"\n\tid=\"ngg-slideshow-6177ea086a3b0d218fd594a67559553d-267851430\"\n\tdata-gallery-id=\"6177ea086a3b0d218fd594a67559553d\"\n\tstyle=\"max-width: 600px;\n\t\t\tmax-height: 400px;\n\t\t\tdisplay: none;\">\n\n\t\n\t\t<a href=\"http:\/\/ox-araber-hoher-flaeming.de\/blog\/wp-content\/gallery\/el-watib\/MGroger_6185052_ELWatib_Portrait_500-1.jpg\"\n\t\t\ttitle=\"\"\n\t\t\tdata-src=\"http:\/\/ox-araber-hoher-flaeming.de\/blog\/wp-content\/gallery\/el-watib\/MGroger_6185052_ELWatib_Portrait_500-1.jpg\"\n\t\t\tdata-thumbnail=\"http:\/\/ox-araber-hoher-flaeming.de\/blog\/wp-content\/gallery\/el-watib\/thumbs\/thumbs_MGroger_6185052_ELWatib_Portrait_500-1.jpg\"\n\t\t\tdata-image-id=\"68\"\n\t\t\tdata-title=\"MGroger_6185052_ELWatib_Portrait_500\"\n\t\t\tdata-description=\"\"\n\t\t\t\t\t\t\t\t\t\t\t\t\t\t\tclass=\"ngg-fancybox\" rel=\"6177ea086a3b0d218fd594a67559553d\">\n\t\t\t\n\t\t\t<img data-image-id='68'\n\t\t\t\ttitle=\"\"\n\t\t\t\talt=\"MGroger_6185052_ELWatib_Portrait_500\"\n\t\t\t\tsrc=\"http:\/\/ox-araber-hoher-flaeming.de\/blog\/wp-content\/gallery\/el-watib\/MGroger_6185052_ELWatib_Portrait_500-1.jpg\"\n\t\t\t\tstyle=\"max-height: 380px;\"\/>\n\t\t<\/a>\n\n\t\t\n\t\t<a href=\"http:\/\/ox-araber-hoher-flaeming.de\/blog\/wp-content\/gallery\/el-watib\/MGroger_6185052_ELWatib_Portrait_500.jpg\"\n\t\t\ttitle=\"\"\n\t\t\tdata-src=\"http:\/\/ox-araber-hoher-flaeming.de\/blog\/wp-content\/gallery\/el-watib\/MGroger_6185052_ELWatib_Portrait_500.jpg\"\n\t\t\tdata-thumbnail=\"http:\/\/ox-araber-hoher-flaeming.de\/blog\/wp-content\/gallery\/el-watib\/thumbs\/thumbs_MGroger_6185052_ELWatib_Portrait_500.jpg\"\n\t\t\tdata-image-id=\"70\"\n\t\t\tdata-title=\"MGroger_6185052_ELWatib_Portrait_500\"\n\t\t\tdata-description=\"\"\n\t\t\t\t\t\t\t\t\t\t\t\t\t\t\tclass=\"ngg-fancybox\" rel=\"6177ea086a3b0d218fd594a67559553d\">\n\t\t\t\n\t\t\t<img data-image-id='70'\n\t\t\t\ttitle=\"\"\n\t\t\t\talt=\"MGroger_6185052_ELWatib_Portrait_500\"\n\t\t\t\tsrc=\"http:\/\/ox-araber-hoher-flaeming.de\/blog\/wp-content\/gallery\/el-watib\/MGroger_6185052_ELWatib_Portrait_500.jpg\"\n\t\t\t\tstyle=\"max-height: 380px;\"\/>\n\t\t<\/a>\n\n\t\t<\/div>\n\n\t\t<!-- Thumbnails Link -->\n\t<div class=\"slideshowlink\" style=\"max-width: 600px;\">\n\t\t<a href='http:\/\/ox-araber-hoher-flaeming.de\/index.php\/nggallery\/thumbnails?page_id=70'>[Zeige Vorschaubilder]<\/a>\n\t<\/div>\n\n<\/p>\n<p>Last but not least: Der Wallach EL WATIB ox * 30.03.1992, v. Cenzor v. Partner\u00a0a. d. Wabana\u00a0v. Euben (Elitehengst)\u00a0entstammt\u00a0der Familie der Gazella (Koheilan Agjus 1845)\u00a0 und\u00a0ist f\u00fcr uns ein ganz besonderer, einmaliger Vollblutaraber. Er ist unser &#8218;Erster&#8216;, mit ihm hat die Leidenschaft f\u00fcr das arabische Vollblut begonnen. Sein schwungvoller Trab und sein besonderer arabischer Typ sind Anziehungspunkte, seine Ausstrahlung ruft Anlehnungsbed\u00fcrfnisse hervor. Er hat einen besonders ausgepr\u00e4gten, sehr menschenbezogenen Charakter, wird geritten und gefahren, f\u00fcr therapeutische Zwecke und Kinderreiten eingesetzt.<\/p>\n<h2>Pedigree: EL WATIB<\/h2>\n<table class=\"pedigree\" border=\"1\" width=\"80%\" cellspacing=\"1\" cellpadding=\"4\" align=\"center\">\n<colgroup>\n<col width=\"20%\" \/>\n<col width=\"20%\" \/>\n<col width=\"20%\" \/>\n<col width=\"20%\" \/>\n<col width=\"20%\" \/><\/colgroup>\n<tbody>\n<tr>\n<td rowspan=\"16\" align=\"center\">EL WATIB<br \/>\nSchimmel<\/td>\n<td rowspan=\"8\" align=\"center\">CENZOR (Elite)<br \/>\nSchimmel<\/td>\n<td rowspan=\"4\" align=\"center\">PARTNER<br \/>\nSchimmel<\/td>\n<td rowspan=\"2\" align=\"center\">ELEUZIS<br \/>\nSchimmel<\/td>\n<td align=\"center\">AQUINOR<\/td>\n<\/tr>\n<tr>\n<td align=\"center\">ELLENAI<\/td>\n<\/tr>\n<tr>\n<td rowspan=\"2\" align=\"center\">PARMA<br \/>\nSchimmel<\/td>\n<td align=\"center\">ASWAN (RAAFAT)<\/td>\n<\/tr>\n<tr>\n<td align=\"center\">POKAZNAJA<\/td>\n<\/tr>\n<tr>\n<td rowspan=\"4\" align=\"center\">CERAMIKA<br \/>\nSchimmel<\/td>\n<td rowspan=\"2\" align=\"center\">NEGATIW<br \/>\nSchimmel<\/td>\n<td align=\"center\">NASEEM<\/td>\n<\/tr>\n<tr>\n<td align=\"center\">TARASZCZA<\/td>\n<\/tr>\n<tr>\n<td rowspan=\"2\" align=\"center\">CEREKIEW<br \/>\nSchimmel<\/td>\n<td align=\"center\">WIELKI SZLEM<\/td>\n<\/tr>\n<tr>\n<td align=\"center\">CEMIRA<\/td>\n<\/tr>\n<tr>\n<td rowspan=\"8\" align=\"center\">WABANA<br \/>\nBraun<\/td>\n<td rowspan=\"4\" align=\"center\">EUBEN (Elite)<br \/>\nSchimmel<\/td>\n<td rowspan=\"2\" align=\"center\">BANDOS<br \/>\nSchimmel<\/td>\n<td align=\"center\">NEGATIW<\/td>\n<\/tr>\n<tr>\n<td align=\"center\">BANDOLA<\/td>\n<\/tr>\n<tr>\n<td rowspan=\"2\" align=\"center\">EUNICE<br \/>\nBraun<\/td>\n<td align=\"center\">COMET<\/td>\n<\/tr>\n<tr>\n<td align=\"center\">EPIGONA<\/td>\n<\/tr>\n<tr>\n<td rowspan=\"4\" align=\"center\">WABASCA<br \/>\nBraun<\/td>\n<td rowspan=\"2\" align=\"center\">EGO<br \/>\nBraun<\/td>\n<td align=\"center\">COMET<\/td>\n<\/tr>\n<tr>\n<td align=\"center\">EGERIA<\/td>\n<\/tr>\n<tr>\n<td rowspan=\"2\" align=\"center\">WIESZCZKA<br \/>\nBraun<\/td>\n<td align=\"center\">GEYRAN<\/td>\n<\/tr>\n<tr>\n<td align=\"center\">WILGA<\/td>\n<\/tr>\n<\/tbody>\n<\/table>\n<p>&nbsp;<\/p>\n<div style=\"font-size: 10px;\">Foto: <a href=\"http:\/\/www.zoomperformance.de\/\" target=\"_blank\">Melanie Groger\/ZoomPerformance<\/a><\/div>\n","protected":false},"excerpt":{"rendered":"<p>[Zeige Vorschaubilder] Last but not least: Der Wallach EL WATIB ox * 30.03.1992, v. Cenzor v. Partner\u00a0a. d. Wabana\u00a0v. Euben (Elitehengst)\u00a0entstammt\u00a0der Familie der Gazella (Koheilan Agjus 1845)\u00a0 und\u00a0ist f\u00fcr uns ein ganz besonderer, einmaliger Vollblutaraber. Er ist unser &#8218;Erster&#8216;, mit ihm hat die Leidenschaft f\u00fcr das arabische Vollblut begonnen. Sein schwungvoller Trab und sein besonderer &hellip; <a href=\"http:\/\/ox-araber-hoher-flaeming.de\/?page_id=70\" class=\"more-link\"><span class=\"screen-reader-text\">El Watib * 30.03.1992<\/span> weiterlesen <span class=\"meta-nav\">&rarr;<\/span><\/a><\/p>\n","protected":false},"author":1,"featured_media":0,"parent":37,"menu_order":0,"comment_status":"closed","ping_status":"open","template":"","meta":{"ngg_post_thumbnail":0,"footnotes":""},"_links":{"self":[{"href":"http:\/\/ox-araber-hoher-flaeming.de\/index.php?rest_route=\/wp\/v2\/pages\/70"}],"collection":[{"href":"http:\/\/ox-araber-hoher-flaeming.de\/index.php?rest_route=\/wp\/v2\/pages"}],"about":[{"href":"http:\/\/ox-araber-hoher-flaeming.de\/index.php?rest_route=\/wp\/v2\/types\/page"}],"author":[{"embeddable":true,"href":"http:\/\/ox-araber-hoher-flaeming.de\/index.php?rest_route=\/wp\/v2\/users\/1"}],"replies":[{"embeddable":true,"href":"http:\/\/ox-araber-hoher-flaeming.de\/index.php?rest_route=%2Fwp%2Fv2%2Fcomments&post=70"}],"version-history":[{"count":7,"href":"http:\/\/ox-araber-hoher-flaeming.de\/index.php?rest_route=\/wp\/v2\/pages\/70\/revisions"}],"predecessor-version":[{"id":468,"href":"http:\/\/ox-araber-hoher-flaeming.de\/index.php?rest_route=\/wp\/v2\/pages\/70\/revisions\/468"}],"up":[{"embeddable":true,"href":"http:\/\/ox-araber-hoher-flaeming.de\/index.php?rest_route=\/wp\/v2\/pages\/37"}],"wp:attachment":[{"href":"http:\/\/ox-araber-hoher-flaeming.de\/index.php?rest_route=%2Fwp%2Fv2%2Fmedia&parent=70"}],"curies":[{"name":"wp","href":"https:\/\/api.w.org\/{rel}","templated":true}]}}