{"id":62,"date":"2015-01-24T09:26:30","date_gmt":"2015-01-24T09:26:30","guid":{"rendered":"http:\/\/ox-araber-hoher-flaeming.de\/blog\/?page_id=62"},"modified":"2015-05-23T16:08:22","modified_gmt":"2015-05-23T14:08:22","slug":"maliza","status":"publish","type":"page","link":"http:\/\/ox-araber-hoher-flaeming.de\/?page_id=62","title":{"rendered":"Maliza * 23.04.1998"},"content":{"rendered":"<p>\n<div class=\"ngg-galleryoverview ngg-slideshow\"\n\tid=\"ngg-slideshow-85d11a9c7d7b0601ccd945d4e9064ae2-3015267700\"\n\tdata-gallery-id=\"85d11a9c7d7b0601ccd945d4e9064ae2\"\n\tstyle=\"max-width: 600px;\n\t\t\tmax-height: 400px;\n\t\t\tdisplay: none;\">\n\n\t\n\t\t<a href=\"http:\/\/ox-araber-hoher-flaeming.de\/blog\/wp-content\/gallery\/maliza\/MGroger_6184363_Maliza_Lauf_500.jpg\"\n\t\t\ttitle=\"Foto: Melanie Groger\/ZoomPerformance\"\n\t\t\tdata-src=\"http:\/\/ox-araber-hoher-flaeming.de\/blog\/wp-content\/gallery\/maliza\/MGroger_6184363_Maliza_Lauf_500.jpg\"\n\t\t\tdata-thumbnail=\"http:\/\/ox-araber-hoher-flaeming.de\/blog\/wp-content\/gallery\/maliza\/thumbs\/thumbs_MGroger_6184363_Maliza_Lauf_500.jpg\"\n\t\t\tdata-image-id=\"29\"\n\t\t\tdata-title=\"MGroger_6184363_Maliza_Lauf_500\"\n\t\t\tdata-description=\"Foto: Melanie Groger\/ZoomPerformance\"\n\t\t\t\t\t\t\t\t\t\t\t\t\t\t\tclass=\"ngg-fancybox\" rel=\"85d11a9c7d7b0601ccd945d4e9064ae2\">\n\t\t\t\n\t\t\t<img data-image-id='29'\n\t\t\t\ttitle=\"Foto: Melanie Groger\/ZoomPerformance\"\n\t\t\t\talt=\"MGroger_6184363_Maliza_Lauf_500\"\n\t\t\t\tsrc=\"http:\/\/ox-araber-hoher-flaeming.de\/blog\/wp-content\/gallery\/maliza\/MGroger_6184363_Maliza_Lauf_500.jpg\"\n\t\t\t\tstyle=\"max-height: 380px;\"\/>\n\t\t<\/a>\n\n\t\t\n\t\t<a href=\"http:\/\/ox-araber-hoher-flaeming.de\/blog\/wp-content\/gallery\/maliza\/MGroger_6184527_Maliza_Portrait_500.jpg\"\n\t\t\ttitle=\"Foto: Melanie Groger\/ZoomPerformance\"\n\t\t\tdata-src=\"http:\/\/ox-araber-hoher-flaeming.de\/blog\/wp-content\/gallery\/maliza\/MGroger_6184527_Maliza_Portrait_500.jpg\"\n\t\t\tdata-thumbnail=\"http:\/\/ox-araber-hoher-flaeming.de\/blog\/wp-content\/gallery\/maliza\/thumbs\/thumbs_MGroger_6184527_Maliza_Portrait_500.jpg\"\n\t\t\tdata-image-id=\"30\"\n\t\t\tdata-title=\"MGroger_6184527_Maliza_Portrait_500\"\n\t\t\tdata-description=\"Foto: Melanie Groger\/ZoomPerformance\"\n\t\t\t\t\t\t\t\t\t\t\t\t\t\t\tclass=\"ngg-fancybox\" rel=\"85d11a9c7d7b0601ccd945d4e9064ae2\">\n\t\t\t\n\t\t\t<img data-image-id='30'\n\t\t\t\ttitle=\"Foto: Melanie Groger\/ZoomPerformance\"\n\t\t\t\talt=\"MGroger_6184527_Maliza_Portrait_500\"\n\t\t\t\tsrc=\"http:\/\/ox-araber-hoher-flaeming.de\/blog\/wp-content\/gallery\/maliza\/MGroger_6184527_Maliza_Portrait_500.jpg\"\n\t\t\t\tstyle=\"max-height: 380px;\"\/>\n\t\t<\/a>\n\n\t\t<\/div>\n\n\t\t<!-- Thumbnails Link -->\n\t<div class=\"slideshowlink\" style=\"max-width: 600px;\">\n\t\t<a href='http:\/\/ox-araber-hoher-flaeming.de\/index.php\/nggallery\/thumbnails?page_id=62'>[Zeige Vorschaubilder]<\/a>\n\t<\/div>\n\n<\/p>\n<p>MALIZA ox\u00a0v. Cenzor (Elitehengst) v. Partner a. d. <a href=\"http:\/\/ox-araber-hoher-flaeming.de\/?page_id=60\">Magotta<\/a>\u00a0 v. Euben (Elitehengst), stammt aus der\u00a0Familie der Gazella (Koheilan Agjus 1845)\u00a0und besticht durch ihren exellenten Trab, ihre Sch\u00f6nheit, Eleganz und Feinf\u00fchligkeit sowie ihren gro\u00dfen Rahmen.\u00a0Ihre Nachzucht &#8211; <a href=\"http:\/\/ox-araber-hoher-flaeming.de\/?page_id=82\">MALYK<\/a>, <a href=\"http:\/\/ox-araber-hoher-flaeming.de\/?page_id=322\">MENTOR<\/a>, <a href=\"http:\/\/ox-araber-hoher-flaeming.de\/?page_id=78\">METIS<\/a> &#8211; \u00a0ist hervorragend und pr\u00e4miert.<\/p>\n<h2>Pedigree: MALIZA<\/h2>\n<table class=\"pedigree\" border=\"1\" width=\"80%\" cellspacing=\"1\" cellpadding=\"4\" align=\"center\">\n<colgroup>\n<col width=\"20%\" \/>\n<col width=\"20%\" \/>\n<col width=\"20%\" \/>\n<col width=\"20%\" \/>\n<col width=\"20%\" \/><\/colgroup>\n<tbody>\n<tr>\n<td rowspan=\"16\" align=\"center\">MALIZA<br \/>\nSchimmel<\/td>\n<td rowspan=\"8\" align=\"center\">CENZOR (Elite)<br \/>\nSchimmel<\/td>\n<td rowspan=\"4\" align=\"center\">PARTNER<br \/>\nSchimmel<\/td>\n<td rowspan=\"2\" align=\"center\">ELEUZIS<br \/>\nSchimmel<\/td>\n<td align=\"center\">AQUINOR<\/td>\n<\/tr>\n<tr>\n<td align=\"center\">ELLENAI<\/td>\n<\/tr>\n<tr>\n<td rowspan=\"2\" align=\"center\">PARMA<br \/>\nSchimmel<\/td>\n<td align=\"center\">ASWAN (RAAFAT)<\/td>\n<\/tr>\n<tr>\n<td align=\"center\">POKAZNAJA<\/td>\n<\/tr>\n<tr>\n<td rowspan=\"4\" align=\"center\">CERAMIKA<br \/>\nSchimmel<\/td>\n<td rowspan=\"2\" align=\"center\">NEGATIW<br \/>\nSchimmel<\/td>\n<td align=\"center\">NASEEM<\/td>\n<\/tr>\n<tr>\n<td align=\"center\">TARASZCZA<\/td>\n<\/tr>\n<tr>\n<td rowspan=\"2\" align=\"center\">CEREKIEW<br \/>\nBraun<\/td>\n<td align=\"center\">WIELKI SZELM<\/td>\n<\/tr>\n<tr>\n<td align=\"center\">CEMIRA<\/td>\n<\/tr>\n<tr>\n<td rowspan=\"8\" align=\"center\">MAGOTTA<br \/>\nSchimmel<\/td>\n<td rowspan=\"4\" align=\"center\">EUBEN (Elite)<br \/>\nSchimmel<\/td>\n<td rowspan=\"2\" align=\"center\">BANDOS<br \/>\nSchimmel<\/td>\n<td align=\"center\">NEGATIW<\/td>\n<\/tr>\n<tr>\n<td align=\"center\">BANDOLA<\/td>\n<\/tr>\n<tr>\n<td rowspan=\"2\" align=\"center\">EUNICE<br \/>\nBraun<\/td>\n<td align=\"center\">COMET<\/td>\n<\/tr>\n<tr>\n<td align=\"center\">EPIGONA<\/td>\n<\/tr>\n<tr>\n<td rowspan=\"4\" align=\"center\">MAZELLINA<br \/>\nBraun<\/td>\n<td rowspan=\"2\" align=\"center\">CAMERTON (Elite)<br \/>\nBraun<\/td>\n<td align=\"center\">CELEBES<\/td>\n<\/tr>\n<tr>\n<td align=\"center\">CAMERATA<\/td>\n<\/tr>\n<tr>\n<td rowspan=\"2\" align=\"center\">MALAIKA<br \/>\nBraun<\/td>\n<td align=\"center\">EL PASO<\/td>\n<\/tr>\n<tr>\n<td align=\"center\">MANTYLA<\/td>\n<\/tr>\n<\/tbody>\n<\/table>\n<p>&nbsp;<\/p>\n<div style=\"font-size: 10px;\">Foto: <a href=\"http:\/\/www.zoomperformance.de\/\" target=\"_blank\">Melanie Groger\/ZoomPerformance<\/a><\/div>\n","protected":false},"excerpt":{"rendered":"<p>[Zeige Vorschaubilder] MALIZA ox\u00a0v. Cenzor (Elitehengst) v. Partner a. d. Magotta\u00a0 v. Euben (Elitehengst), stammt aus der\u00a0Familie der Gazella (Koheilan Agjus 1845)\u00a0und besticht durch ihren exellenten Trab, ihre Sch\u00f6nheit, Eleganz und Feinf\u00fchligkeit sowie ihren gro\u00dfen Rahmen.\u00a0Ihre Nachzucht &#8211; MALYK, MENTOR, METIS &#8211; \u00a0ist hervorragend und pr\u00e4miert. Pedigree: MALIZA MALIZA Schimmel CENZOR (Elite) Schimmel PARTNER Schimmel &hellip; <a href=\"http:\/\/ox-araber-hoher-flaeming.de\/?page_id=62\" class=\"more-link\"><span class=\"screen-reader-text\">Maliza * 23.04.1998<\/span> weiterlesen <span class=\"meta-nav\">&rarr;<\/span><\/a><\/p>\n","protected":false},"author":1,"featured_media":0,"parent":37,"menu_order":0,"comment_status":"closed","ping_status":"open","template":"","meta":{"ngg_post_thumbnail":0,"footnotes":""},"_links":{"self":[{"href":"http:\/\/ox-araber-hoher-flaeming.de\/index.php?rest_route=\/wp\/v2\/pages\/62"}],"collection":[{"href":"http:\/\/ox-araber-hoher-flaeming.de\/index.php?rest_route=\/wp\/v2\/pages"}],"about":[{"href":"http:\/\/ox-araber-hoher-flaeming.de\/index.php?rest_route=\/wp\/v2\/types\/page"}],"author":[{"embeddable":true,"href":"http:\/\/ox-araber-hoher-flaeming.de\/index.php?rest_route=\/wp\/v2\/users\/1"}],"replies":[{"embeddable":true,"href":"http:\/\/ox-araber-hoher-flaeming.de\/index.php?rest_route=%2Fwp%2Fv2%2Fcomments&post=62"}],"version-history":[{"count":7,"href":"http:\/\/ox-araber-hoher-flaeming.de\/index.php?rest_route=\/wp\/v2\/pages\/62\/revisions"}],"predecessor-version":[{"id":486,"href":"http:\/\/ox-araber-hoher-flaeming.de\/index.php?rest_route=\/wp\/v2\/pages\/62\/revisions\/486"}],"up":[{"embeddable":true,"href":"http:\/\/ox-araber-hoher-flaeming.de\/index.php?rest_route=\/wp\/v2\/pages\/37"}],"wp:attachment":[{"href":"http:\/\/ox-araber-hoher-flaeming.de\/index.php?rest_route=%2Fwp%2Fv2%2Fmedia&parent=62"}],"curies":[{"name":"wp","href":"https:\/\/api.w.org\/{rel}","templated":true}]}}