{"id":60,"date":"2015-01-24T09:25:51","date_gmt":"2015-01-24T09:25:51","guid":{"rendered":"http:\/\/ox-araber-hoher-flaeming.de\/blog\/?page_id=60"},"modified":"2015-05-23T16:00:49","modified_gmt":"2015-05-23T14:00:49","slug":"magotta","status":"publish","type":"page","link":"http:\/\/ox-araber-hoher-flaeming.de\/?page_id=60","title":{"rendered":"Magotta * 03.02.1992"},"content":{"rendered":"<p style=\"text-align: left;\">\n<div class=\"ngg-galleryoverview ngg-slideshow\"\n\tid=\"ngg-slideshow-346b5313c962e868a06727168d659a70-12834397810\"\n\tdata-gallery-id=\"346b5313c962e868a06727168d659a70\"\n\tstyle=\"max-width: 600px;\n\t\t\tmax-height: 400px;\n\t\t\tdisplay: none;\">\n\n\t\n\t\t<a href=\"http:\/\/ox-araber-hoher-flaeming.de\/blog\/wp-content\/gallery\/magotta\/MGroger_6184702_Magotta_Lauf_500.jpg\"\n\t\t\ttitle=\"Foto: Melanie Groger\/ZoomPerformance\"\n\t\t\tdata-src=\"http:\/\/ox-araber-hoher-flaeming.de\/blog\/wp-content\/gallery\/magotta\/MGroger_6184702_Magotta_Lauf_500.jpg\"\n\t\t\tdata-thumbnail=\"http:\/\/ox-araber-hoher-flaeming.de\/blog\/wp-content\/gallery\/magotta\/thumbs\/thumbs_MGroger_6184702_Magotta_Lauf_500.jpg\"\n\t\t\tdata-image-id=\"27\"\n\t\t\tdata-title=\"MGroger_6184702_Magotta_Lauf_500\"\n\t\t\tdata-description=\"Foto: Melanie Groger\/ZoomPerformance\"\n\t\t\t\t\t\t\t\t\t\t\t\t\t\t\tclass=\"ngg-fancybox\" rel=\"346b5313c962e868a06727168d659a70\">\n\t\t\t\n\t\t\t<img data-image-id='27'\n\t\t\t\ttitle=\"Foto: Melanie Groger\/ZoomPerformance\"\n\t\t\t\talt=\"MGroger_6184702_Magotta_Lauf_500\"\n\t\t\t\tsrc=\"http:\/\/ox-araber-hoher-flaeming.de\/blog\/wp-content\/gallery\/magotta\/MGroger_6184702_Magotta_Lauf_500.jpg\"\n\t\t\t\tstyle=\"max-height: 380px;\"\/>\n\t\t<\/a>\n\n\t\t\n\t\t<a href=\"http:\/\/ox-araber-hoher-flaeming.de\/blog\/wp-content\/gallery\/magotta\/MGroger_6184731_Magotta_Portrait_500.jpg\"\n\t\t\ttitle=\"Foto: Melanie Groger\/ZoomPerformance\"\n\t\t\tdata-src=\"http:\/\/ox-araber-hoher-flaeming.de\/blog\/wp-content\/gallery\/magotta\/MGroger_6184731_Magotta_Portrait_500.jpg\"\n\t\t\tdata-thumbnail=\"http:\/\/ox-araber-hoher-flaeming.de\/blog\/wp-content\/gallery\/magotta\/thumbs\/thumbs_MGroger_6184731_Magotta_Portrait_500.jpg\"\n\t\t\tdata-image-id=\"28\"\n\t\t\tdata-title=\"MGroger_6184731_Magotta_Portrait_500\"\n\t\t\tdata-description=\"Foto: Melanie Groger\/ZoomPerformance\"\n\t\t\t\t\t\t\t\t\t\t\t\t\t\t\tclass=\"ngg-fancybox\" rel=\"346b5313c962e868a06727168d659a70\">\n\t\t\t\n\t\t\t<img data-image-id='28'\n\t\t\t\ttitle=\"Foto: Melanie Groger\/ZoomPerformance\"\n\t\t\t\talt=\"MGroger_6184731_Magotta_Portrait_500\"\n\t\t\t\tsrc=\"http:\/\/ox-araber-hoher-flaeming.de\/blog\/wp-content\/gallery\/magotta\/MGroger_6184731_Magotta_Portrait_500.jpg\"\n\t\t\t\tstyle=\"max-height: 380px;\"\/>\n\t\t<\/a>\n\n\t\t<\/div>\n\n\t\t<!-- Thumbnails Link -->\n\t<div class=\"slideshowlink\" style=\"max-width: 600px;\">\n\t\t<a href='http:\/\/ox-araber-hoher-flaeming.de\/index.php\/nggallery\/thumbnails?page_id=60'>[Zeige Vorschaubilder]<\/a>\n\t<\/div>\n\n<\/p>\n<p style=\"text-align: left;\">MAGOTTA ox\u00a0 v. Euben (Elitehengst)\u00a0v. Bandos\u00a0a. d. Mazellina v. Camerton (Elitehengst) entstammt der\u00a0Familie der Gazella (Koheilan Agjus 1845). Magotta ist eine besonders ausdrucksvolle, elegante, ganggewaltige Stute mit sehr gutem Charakter. Sie ist vom Zuchtverband ZSAA als Verbandspr\u00e4mienstute eingetragen. Ihre Leistungsbereitschaft und Ausdauer sind au\u00dferordentlich. Sie hat hervorragende Reitpferdepoints, nimmt die kleinsten Hilfestellungen an, hat ein gro\u00dfes Gangwerk und ist im Gel\u00e4nde sehr trittsicher. Sie ist die Mutter von <a title=\"Maliza\" href=\"http:\/\/ox-araber-hoher-flaeming.de\/blog\/?page_id=62\">MALIZA<\/a>\u00a0und <a href=\"http:\/\/ox-araber-hoher-flaeming.de\/?page_id=76\">META<\/a>.<\/p>\n<h2>Pedigree: MAGOTTA<\/h2>\n<table class=\"pedigree\" border=\"1\" width=\"80%\" cellspacing=\"1\" cellpadding=\"4\" align=\"center\">\n<colgroup>\n<col width=\"20%\" \/>\n<col width=\"20%\" \/>\n<col width=\"20%\" \/>\n<col width=\"20%\" \/>\n<col width=\"20%\" \/><\/colgroup>\n<tbody>\n<tr>\n<td rowspan=\"16\" align=\"center\">MAGOTTA<br \/>\nSchimmel<\/td>\n<td rowspan=\"8\" align=\"center\">EUBEN (Elite)<br \/>\nSchimmel<\/td>\n<td rowspan=\"4\" align=\"center\">BANDOS<br \/>\nSchimmel<\/td>\n<td rowspan=\"2\" align=\"center\">NEGATIW<br \/>\nSchimmel<\/td>\n<td align=\"center\">NASEEM<\/td>\n<\/tr>\n<tr>\n<td align=\"center\">TARASZCZA<\/td>\n<\/tr>\n<tr>\n<td rowspan=\"2\" align=\"center\">BANDOLA<br \/>\nSchimmel<\/td>\n<td align=\"center\">WITRAZ<\/td>\n<\/tr>\n<tr>\n<td align=\"center\">BALALAJKA<\/td>\n<\/tr>\n<tr>\n<td rowspan=\"4\" align=\"center\">EUNICE<br \/>\nBraun<\/td>\n<td rowspan=\"2\" align=\"center\">COMET<br \/>\nSchimmel<\/td>\n<td align=\"center\">ABU AFAS<\/td>\n<\/tr>\n<tr>\n<td align=\"center\">CARMEN<\/td>\n<\/tr>\n<tr>\n<td rowspan=\"2\" align=\"center\">EPIGONA<br \/>\nSchimmel<\/td>\n<td align=\"center\">AMURATH SAHIB<\/td>\n<\/tr>\n<tr>\n<td align=\"center\">EPIZODA<\/td>\n<\/tr>\n<tr>\n<td rowspan=\"8\" align=\"center\">MAZELLINA<br \/>\nBraun<\/td>\n<td rowspan=\"4\" align=\"center\">CAMERTON (Elite)<br \/>\nBraun<\/td>\n<td rowspan=\"2\" align=\"center\">CELEBES<br \/>\nBraun<\/td>\n<td align=\"center\">WITRAZ<\/td>\n<\/tr>\n<tr>\n<td align=\"center\">CANARIA<\/td>\n<\/tr>\n<tr>\n<td rowspan=\"2\" align=\"center\">CAMERATA<br \/>\nSchimmel<\/td>\n<td align=\"center\">AQUINOR<\/td>\n<\/tr>\n<tr>\n<td align=\"center\">CANBERRA<\/td>\n<\/tr>\n<tr>\n<td rowspan=\"4\" align=\"center\">MALAIKA<br \/>\nBraun<\/td>\n<td rowspan=\"2\" align=\"center\">EL PASO<br \/>\nBraun<\/td>\n<td align=\"center\">CZORT<\/td>\n<\/tr>\n<tr>\n<td align=\"center\">ELLORA<\/td>\n<\/tr>\n<tr>\n<td rowspan=\"2\" align=\"center\">MANTYLA<br \/>\nBraun<\/td>\n<td align=\"center\">GRAND<\/td>\n<\/tr>\n<tr>\n<td align=\"center\">MANILLA<\/td>\n<\/tr>\n<\/tbody>\n<\/table>\n<div style=\"font-size: 10px;\">Foto: <a href=\"http:\/\/www.zoomperformance.de\/\" target=\"_blank\">Melanie Groger\/ZoomPerformance<\/a><\/div>\n","protected":false},"excerpt":{"rendered":"<p>[Zeige Vorschaubilder] MAGOTTA ox\u00a0 v. Euben (Elitehengst)\u00a0v. Bandos\u00a0a. d. Mazellina v. Camerton (Elitehengst) entstammt der\u00a0Familie der Gazella (Koheilan Agjus 1845). Magotta ist eine besonders ausdrucksvolle, elegante, ganggewaltige Stute mit sehr gutem Charakter. Sie ist vom Zuchtverband ZSAA als Verbandspr\u00e4mienstute eingetragen. Ihre Leistungsbereitschaft und Ausdauer sind au\u00dferordentlich. Sie hat hervorragende Reitpferdepoints, nimmt die kleinsten Hilfestellungen an, &hellip; <a href=\"http:\/\/ox-araber-hoher-flaeming.de\/?page_id=60\" class=\"more-link\"><span class=\"screen-reader-text\">Magotta * 03.02.1992<\/span> weiterlesen <span class=\"meta-nav\">&rarr;<\/span><\/a><\/p>\n","protected":false},"author":1,"featured_media":0,"parent":37,"menu_order":0,"comment_status":"closed","ping_status":"open","template":"","meta":{"ngg_post_thumbnail":0,"footnotes":""},"_links":{"self":[{"href":"http:\/\/ox-araber-hoher-flaeming.de\/index.php?rest_route=\/wp\/v2\/pages\/60"}],"collection":[{"href":"http:\/\/ox-araber-hoher-flaeming.de\/index.php?rest_route=\/wp\/v2\/pages"}],"about":[{"href":"http:\/\/ox-araber-hoher-flaeming.de\/index.php?rest_route=\/wp\/v2\/types\/page"}],"author":[{"embeddable":true,"href":"http:\/\/ox-araber-hoher-flaeming.de\/index.php?rest_route=\/wp\/v2\/users\/1"}],"replies":[{"embeddable":true,"href":"http:\/\/ox-araber-hoher-flaeming.de\/index.php?rest_route=%2Fwp%2Fv2%2Fcomments&post=60"}],"version-history":[{"count":8,"href":"http:\/\/ox-araber-hoher-flaeming.de\/index.php?rest_route=\/wp\/v2\/pages\/60\/revisions"}],"predecessor-version":[{"id":483,"href":"http:\/\/ox-araber-hoher-flaeming.de\/index.php?rest_route=\/wp\/v2\/pages\/60\/revisions\/483"}],"up":[{"embeddable":true,"href":"http:\/\/ox-araber-hoher-flaeming.de\/index.php?rest_route=\/wp\/v2\/pages\/37"}],"wp:attachment":[{"href":"http:\/\/ox-araber-hoher-flaeming.de\/index.php?rest_route=%2Fwp%2Fv2%2Fmedia&parent=60"}],"curies":[{"name":"wp","href":"https:\/\/api.w.org\/{rel}","templated":true}]}}