{"id":58,"date":"2015-01-24T09:24:56","date_gmt":"2015-01-24T09:24:56","guid":{"rendered":"http:\/\/ox-araber-hoher-flaeming.de\/blog\/?page_id=58"},"modified":"2015-01-24T11:19:08","modified_gmt":"2015-01-24T11:19:08","slug":"estylia","status":"publish","type":"page","link":"http:\/\/ox-araber-hoher-flaeming.de\/?page_id=58","title":{"rendered":"Estylia"},"content":{"rendered":"<p>\n<div class=\"ngg-galleryoverview ngg-slideshow\"\n\tid=\"ngg-slideshow-e86a0d14c7082443e1942fee25af8730-6421594300\"\n\tdata-nextgen-gallery-id=\"10\"\n\tdata-gallery-id=\"e86a0d14c7082443e1942fee25af8730\"\n\t\tdata-gallery-name=\"Estylia\"\n\t\tstyle=\"max-width: 600px;\n\t\t\tmax-height: 400px;\n\t\t\tdisplay: none;\">\n\n\t\n\t\t<a href=\"http:\/\/ox-araber-hoher-flaeming.de\/blog\/wp-content\/gallery\/estylia\/Estylia_037s_500.jpg?t=1432389289\"\n\t\t\ttitle=\"\"\n\t\t\tdata-src=\"http:\/\/ox-araber-hoher-flaeming.de\/blog\/wp-content\/gallery\/estylia\/Estylia_037s_500.jpg?t=1432389289\"\n\t\t\tdata-thumbnail=\"http:\/\/ox-araber-hoher-flaeming.de\/blog\/wp-content\/gallery\/estylia\/thumbs\/thumbs_Estylia_037s_500.jpg?t=1432389289\"\n\t\t\tdata-image-id=\"25\"\n\t\t\tdata-image-name=\"Estylia_037s_500.jpg\"\n\t\t\tdata-title=\"Estylia_037s_500\"\n\t\t\tdata-description=\"\"\n\t\t\t\t\t\t\t\t\t\t\t\t\t\t\tclass=\"ngg-fancybox\" rel=\"e86a0d14c7082443e1942fee25af8730\">\n\t\t\t\n\t\t\t<img data-image-id='25'\n\t\t\t\ttitle=\"\"\n\t\t\t\talt=\"Estylia_037s_500\"\n\t\t\t\tsrc=\"http:\/\/ox-araber-hoher-flaeming.de\/blog\/wp-content\/gallery\/estylia\/Estylia_037s_500.jpg?t=1432389289\"\n\t\t\t\tstyle=\"max-height: 380px;\"\/>\n\t\t<\/a>\n\n\t\t\n\t\t<a href=\"http:\/\/ox-araber-hoher-flaeming.de\/blog\/wp-content\/gallery\/estylia\/Estylia_050s_500.jpg?t=1422097206\"\n\t\t\ttitle=\" \"\n\t\t\tdata-src=\"http:\/\/ox-araber-hoher-flaeming.de\/blog\/wp-content\/gallery\/estylia\/Estylia_050s_500.jpg?t=1422097206\"\n\t\t\tdata-thumbnail=\"http:\/\/ox-araber-hoher-flaeming.de\/blog\/wp-content\/gallery\/estylia\/thumbs\/thumbs_Estylia_050s_500.jpg?t=1422097206\"\n\t\t\tdata-image-id=\"26\"\n\t\t\tdata-image-name=\"Estylia_050s_500.jpg\"\n\t\t\tdata-title=\"Estylia_050s_500\"\n\t\t\tdata-description=\" \"\n\t\t\t\t\t\t\t\t\t\t\t\t\t\t\tclass=\"ngg-fancybox\" rel=\"e86a0d14c7082443e1942fee25af8730\">\n\t\t\t\n\t\t\t<img data-image-id='26'\n\t\t\t\ttitle=\" \"\n\t\t\t\talt=\"Estylia_050s_500\"\n\t\t\t\tsrc=\"http:\/\/ox-araber-hoher-flaeming.de\/blog\/wp-content\/gallery\/estylia\/Estylia_050s_500.jpg?t=1422097206\"\n\t\t\t\tstyle=\"max-height: 380px;\"\/>\n\t\t<\/a>\n\n\t\t<\/div>\n\n\t\t<!-- Thumbnails Link -->\n\t<div class=\"slideshowlink\" style=\"max-width: 600px;\">\n\t\t<a href='http:\/\/ox-araber-hoher-flaeming.de\/index.php\/nggallery\/thumbnails?page_id=58'>[Zeige Vorschaubilder]<\/a>\n\t<\/div>\n\n<\/p>\n<p>ESTYLIA ist rennleistungsgepr\u00fcft mit einem GAG von 64,5kg. Sie lief in 2 Saisons 19 Rennen, in denen Sie 4 mal als Siegerin, 4 mal als Zweite und mit 6 weiteren Plazierungen \u00fcber die Ziellinie lief. Seither wird sie als Zuchtstute eingesetzt. Sie ist eine sehr liebe und f\u00fcrsorgliche Mutterstute, sehr brav im Umgang mit den Menschen und unkompliziert in der Herde. ESTYLIA ist tragend f\u00fcr Anfang April 2011 von AINHOA ST.FAUST. Ihr letztj\u00e4hriges Hengstfohlen von AINHOA ST.FAUST ist sehr gro\u00df und kr\u00e4ftig und hat einen liebensw\u00fcrdigen Lausbubencharakter. Er verspricht ein sehr nervenstarkes Sportpferd zu werden.<\/p>\n<h2>Pedigree: ESTYLIA<\/h2>\n<table class=\"pedigree\" border=\"1\" width=\"80%\" cellspacing=\"1\" cellpadding=\"4\" align=\"center\">\n<colgroup>\n<col width=\"20%\" \/>\n<col width=\"20%\" \/>\n<col width=\"20%\" \/>\n<col width=\"20%\" \/>\n<col width=\"20%\" \/><\/colgroup>\n<tbody>\n<tr>\n<td rowspan=\"16\" align=\"center\">ESTYLIA<br \/>\nArabian<\/td>\n<td rowspan=\"8\" align=\"center\">EGON<br \/>\nArabian<\/td>\n<td rowspan=\"4\" align=\"center\">ENRILO<br \/>\nArabian<\/td>\n<td rowspan=\"2\" align=\"center\">PROBAT<br \/>\nArabian<\/td>\n<td align=\"center\">POHANIEC<\/td>\n<\/tr>\n<tr>\n<td align=\"center\">BOREXIA<\/td>\n<\/tr>\n<tr>\n<td rowspan=\"2\" align=\"center\">EMISJA<br \/>\nArabian<\/td>\n<td align=\"center\">CARYCYN<\/td>\n<\/tr>\n<tr>\n<td align=\"center\">ESPADA<\/td>\n<\/tr>\n<tr>\n<td rowspan=\"4\" align=\"center\">EPOPEJA<br \/>\nArabian<\/td>\n<td rowspan=\"2\" align=\"center\">PALAS<br \/>\nArabian<\/td>\n<td align=\"center\">ASWAN<\/td>\n<\/tr>\n<tr>\n<td align=\"center\">PANEL<\/td>\n<\/tr>\n<tr>\n<td rowspan=\"2\" align=\"center\">ESKAPADA<br \/>\nArabian<\/td>\n<td align=\"center\">NABOR<\/td>\n<\/tr>\n<tr>\n<td align=\"center\">ESTOKADA<\/td>\n<\/tr>\n<tr>\n<td rowspan=\"8\" align=\"center\">ELENA<br \/>\nArabian<\/td>\n<td rowspan=\"4\" align=\"center\">PEPTON<br \/>\nArabian<\/td>\n<td rowspan=\"2\" align=\"center\">BANDOS<br \/>\nArabian<\/td>\n<td align=\"center\">NEGATIW<\/td>\n<\/tr>\n<tr>\n<td align=\"center\">BANDOLA<\/td>\n<\/tr>\n<tr>\n<td rowspan=\"2\" align=\"center\">PEMBA<br \/>\nArabian<\/td>\n<td align=\"center\">CZORT<\/td>\n<\/tr>\n<tr>\n<td align=\"center\">PENZA<\/td>\n<\/tr>\n<tr>\n<td rowspan=\"4\" align=\"center\">ELANA<br \/>\nArabian<\/td>\n<td rowspan=\"2\" align=\"center\">ELF<br \/>\nArabian<\/td>\n<td align=\"center\">AQUINOR<\/td>\n<\/tr>\n<tr>\n<td align=\"center\">ELLENAI<\/td>\n<\/tr>\n<tr>\n<td rowspan=\"2\" align=\"center\">ETOLA<br \/>\nArabian<\/td>\n<td align=\"center\">NABOR<\/td>\n<\/tr>\n<tr>\n<td align=\"center\">ELA<\/td>\n<\/tr>\n<\/tbody>\n<\/table>\n","protected":false},"excerpt":{"rendered":"<p>[Zeige Vorschaubilder] ESTYLIA ist rennleistungsgepr\u00fcft mit einem GAG von 64,5kg. Sie lief in 2 Saisons 19 Rennen, in denen Sie 4 mal als Siegerin, 4 mal als Zweite und mit 6 weiteren Plazierungen \u00fcber die Ziellinie lief. Seither wird sie als Zuchtstute eingesetzt. Sie ist eine sehr liebe und f\u00fcrsorgliche Mutterstute, sehr brav im Umgang &hellip; <a href=\"http:\/\/ox-araber-hoher-flaeming.de\/?page_id=58\" class=\"more-link\"><span class=\"screen-reader-text\">Estylia<\/span> weiterlesen <span class=\"meta-nav\">&rarr;<\/span><\/a><\/p>\n","protected":false},"author":1,"featured_media":0,"parent":37,"menu_order":0,"comment_status":"closed","ping_status":"open","template":"","meta":{"ngg_post_thumbnail":0,"footnotes":""},"_links":{"self":[{"href":"http:\/\/ox-araber-hoher-flaeming.de\/index.php?rest_route=\/wp\/v2\/pages\/58"}],"collection":[{"href":"http:\/\/ox-araber-hoher-flaeming.de\/index.php?rest_route=\/wp\/v2\/pages"}],"about":[{"href":"http:\/\/ox-araber-hoher-flaeming.de\/index.php?rest_route=\/wp\/v2\/types\/page"}],"author":[{"embeddable":true,"href":"http:\/\/ox-araber-hoher-flaeming.de\/index.php?rest_route=\/wp\/v2\/users\/1"}],"replies":[{"embeddable":true,"href":"http:\/\/ox-araber-hoher-flaeming.de\/index.php?rest_route=%2Fwp%2Fv2%2Fcomments&post=58"}],"version-history":[{"count":3,"href":"http:\/\/ox-araber-hoher-flaeming.de\/index.php?rest_route=\/wp\/v2\/pages\/58\/revisions"}],"predecessor-version":[{"id":253,"href":"http:\/\/ox-araber-hoher-flaeming.de\/index.php?rest_route=\/wp\/v2\/pages\/58\/revisions\/253"}],"up":[{"embeddable":true,"href":"http:\/\/ox-araber-hoher-flaeming.de\/index.php?rest_route=\/wp\/v2\/pages\/37"}],"wp:attachment":[{"href":"http:\/\/ox-araber-hoher-flaeming.de\/index.php?rest_route=%2Fwp%2Fv2%2Fmedia&parent=58"}],"curies":[{"name":"wp","href":"https:\/\/api.w.org\/{rel}","templated":true}]}}