{"id":46,"date":"2015-01-24T09:17:44","date_gmt":"2015-01-24T09:17:44","guid":{"rendered":"http:\/\/ox-araber-hoher-flaeming.de\/blog\/?page_id=46"},"modified":"2016-07-23T16:07:29","modified_gmt":"2016-07-23T14:07:29","slug":"verkaufspferde","status":"publish","type":"page","link":"http:\/\/ox-araber-hoher-flaeming.de\/?page_id=46","title":{"rendered":"Verkaufspferde"},"content":{"rendered":"<p style=\"text-align: left;\" align=\"center\">Unsere Jungpferde, die alle sehr menschenbezogen sind, wachsen in einem Laufstall auf, der von der LAG 2004 mit drei Sternen und seit 2006 regelm\u00e4\u00dfig mit vier Sternen ausgezeichnet wird.<\/p>\n<p style=\"text-align: left;\" align=\"center\"><strong>Ziel unserer Zucht<\/strong> ist es, die weltweit gesch\u00e4tzten Blutlinien der polnischen Staatsgest\u00fcte Janow Podlaski und Michalow sowie einige russische leistungsstarke Linien weiterzuf\u00fchren und liebenswerte und charakterfeste Pferde mit solidem, kr\u00e4ftigem Fundament und sehr guten Bewegungsabl\u00e4ufen f\u00fcr den Sport, den ambitionierten Freizeitreiter und den Liebhaber dieser Pferde zu z\u00fcchten und anzubieten.<\/p>\n","protected":false},"excerpt":{"rendered":"<p>Unsere Jungpferde, die alle sehr menschenbezogen sind, wachsen in einem Laufstall auf, der von der LAG 2004 mit drei Sternen und seit 2006 regelm\u00e4\u00dfig mit vier Sternen ausgezeichnet wird. Ziel unserer Zucht ist es, die weltweit gesch\u00e4tzten Blutlinien der polnischen Staatsgest\u00fcte Janow Podlaski und Michalow sowie einige russische leistungsstarke Linien weiterzuf\u00fchren und liebenswerte und charakterfeste &hellip; <a href=\"http:\/\/ox-araber-hoher-flaeming.de\/?page_id=46\" class=\"more-link\"><span class=\"screen-reader-text\">Verkaufspferde<\/span> weiterlesen <span class=\"meta-nav\">&rarr;<\/span><\/a><\/p>\n","protected":false},"author":1,"featured_media":557,"parent":0,"menu_order":0,"comment_status":"closed","ping_status":"open","template":"","meta":{"ngg_post_thumbnail":0,"footnotes":""},"_links":{"self":[{"href":"http:\/\/ox-araber-hoher-flaeming.de\/index.php?rest_route=\/wp\/v2\/pages\/46"}],"collection":[{"href":"http:\/\/ox-araber-hoher-flaeming.de\/index.php?rest_route=\/wp\/v2\/pages"}],"about":[{"href":"http:\/\/ox-araber-hoher-flaeming.de\/index.php?rest_route=\/wp\/v2\/types\/page"}],"author":[{"embeddable":true,"href":"http:\/\/ox-araber-hoher-flaeming.de\/index.php?rest_route=\/wp\/v2\/users\/1"}],"replies":[{"embeddable":true,"href":"http:\/\/ox-araber-hoher-flaeming.de\/index.php?rest_route=%2Fwp%2Fv2%2Fcomments&post=46"}],"version-history":[{"count":1,"href":"http:\/\/ox-araber-hoher-flaeming.de\/index.php?rest_route=\/wp\/v2\/pages\/46\/revisions"}],"predecessor-version":[{"id":49,"href":"http:\/\/ox-araber-hoher-flaeming.de\/index.php?rest_route=\/wp\/v2\/pages\/46\/revisions\/49"}],"wp:featuredmedia":[{"embeddable":true,"href":"http:\/\/ox-araber-hoher-flaeming.de\/index.php?rest_route=\/wp\/v2\/media\/557"}],"wp:attachment":[{"href":"http:\/\/ox-araber-hoher-flaeming.de\/index.php?rest_route=%2Fwp%2Fv2%2Fmedia&parent=46"}],"curies":[{"name":"wp","href":"https:\/\/api.w.org\/{rel}","templated":true}]}}