{"id":424,"date":"2015-01-24T22:31:42","date_gmt":"2015-01-24T21:31:42","guid":{"rendered":"http:\/\/ox-araber-hoher-flaeming.de\/?page_id=424"},"modified":"2015-01-24T23:03:07","modified_gmt":"2015-01-24T22:03:07","slug":"tierschutzpreis-2005","status":"publish","type":"page","link":"http:\/\/ox-araber-hoher-flaeming.de\/?page_id=424","title":{"rendered":"Tierschutzpreis 2005"},"content":{"rendered":"<div class=\"subHeader\"><strong>Tierschutzpreis des Landes Sachsen-Anhalt 2005<br \/>\n<\/strong><strong>Ehrenpreis f\u00fcr Vollblutaraber-Gest\u00fct Hoher Fl\u00e4ming vergeben<\/strong><\/div>\n<div class=\"subHeader\"><\/div>\n<div class=\"content\"><img loading=\"lazy\" decoding=\"async\" class=\" alignright\" src=\"http:\/\/ox-araber-hoher-flaeming.de\/Pictures\/ch_logo.gif\" alt=\"Sachsen-Anhalt\" width=\"147\" height=\"67\" align=\"left\" border=\"0\" \/><\/p>\n<div>Ausriss aus der Pressemitteilung Nr.: 162\/05 des Ministerium f\u00fcr Landwirtschaft und Umwelt<\/div>\n<div><\/div>\n<hr \/>\n<h1>\u00a0Sachsen-Anhalts gl\u00fccklichste Pferde leben im Landkreis Wittenberg<\/h1>\n<h1>Ministerin Wernicke \u00fcberreichte Tierschutzpreis.<\/h1>\n<div><\/div>\n<p><img loading=\"lazy\" decoding=\"async\" class=\" aligncenter\" src=\"http:\/\/ox-araber-hoher-flaeming.de\/Pictures\/Tierschutzpreis2005-300.jpg\" alt=\"Tierschutzpreis 2005\" width=\"308\" height=\"234\" align=\"left\" border=\"0\" \/><\/p>\n<p>&nbsp;<\/p>\n<p>&nbsp;<\/p>\n<p>&nbsp;<\/p>\n<p>&nbsp;<\/p>\n<p>&nbsp;<\/p>\n<p>Sachsen-Anhalts Tierschutzpreis 2005 wurde von der Landwirtschafts- und Umweltministerin Petra Wernicke am 5. Oktober 2005 im Rahmen der Siegerehrung \u00fcberreicht. Dar\u00fcber hinaus \u00fcbergab Ministerin Wernicke f\u00fcnf Anerkennungsurkunden. Eine davon erhielt das Vollblutaraber-Gest\u00fct Hoher Fl\u00e4ming, Rahnsdorf\/Zahna (Landkreis Wittenberg).<\/p>\n<p><img loading=\"lazy\" decoding=\"async\" class=\" alignright\" src=\"http:\/\/ox-araber-hoher-flaeming.de\/Pictures\/Ehrenpreis2005-300.jpg\" alt=\"Ehrenpreis 2005\" width=\"233\" height=\"309\" align=\"right\" border=\"0\" \/>Ein altes Bauerngrundst\u00fcck wurde f\u00fcr die Haltung und Zucht von Araberpferden umgestaltet. Die gro\u00dfz\u00fcgig angelegten Paddocks wurden drainiert, um ganzj\u00e4hrig den Tieren den st\u00f6rungsfreien Aufenthalt im Freien zu gew\u00e4hren. Das Haltungsumfeld der Pferde ist gepflegt, sauber und aufger\u00e4umt. Um die Klimagestaltung in der Stallunterkunft zu optimieren erfolgte der Einbau von Absorbern. Alle gehaltenen Pferde werden geritten.<\/p>\n<p>Der Tierschutzpreis 2005 wurde f\u00fcr die &#8222;Artgerechte Haltung von Pferden&#8220; vergeben. Er erlebte einen neuen Bewerberrekord. Es hatten sich 52 private, gewerbliche und landwirtschaftliche Pferdehalter wie Reit- und Fahrbetriebe, Gest\u00fcte, Vereine, Pensionsbetriebe oder Gnadenh\u00f6fe beworben. Eine Bewertungskommission zog 20 Bewerbungen in die engere Wahl und f\u00fchrte Vor-Ort-Termine durch.<\/p>\n<p><img loading=\"lazy\" decoding=\"async\" class=\" alignleft\" src=\"http:\/\/ox-araber-hoher-flaeming.de\/Pictures\/wernicke_150.jpg\" alt=\"Landwirtschaftsministerin Petra Wernicke\" width=\"124\" height=\"155\" align=\"left\" border=\"0\" \/>Wernicke freue sich: &#8222;Sachsen-Anhalt ist eine vorz\u00fcgliche Adresse f\u00fcr die Pferdefreizeit und den Pferdesport. Das ist ein Pfund, mit dem auch die Tourismusbranche zunehmend wuchert.&#8220; Die \u00fcberw\u00e4ltigende Bewerberresonanz zum Tierschutzpreis mache zudem deutlich, dass der &#8222;Tierschutz immer gro\u00df geschrieben&#8220; werde.<\/p>\n<p>Als ein gutes Beispiel f\u00fcr die Belebung von Tourismus und wirtschaftlicher Regionalentwicklung nannte Wernicke die Altmark und das Projekt des Interessensvereins &#8222;Sternreiten in der Altmark&#8220;. In gut drei Jahren entstand Europas gr\u00f6\u00dftes Reitroutennetz mit insgesamt 1.600 Kilometern kartierten Reitwegen. \u00dcber 50 an das Reitwegenetz angeschlossene Reiter- und Ferienh\u00f6fe vervollst\u00e4ndigen das Reitvergn\u00fcgen und tragen zudem zur Schaffung von Arbeits- und Verdienstm\u00f6glichkeiten in der Altmark bei.<\/p>\n<p>Wernicke verwies zudem auf die in Sachsen-Anhalt generell gestiegene Interesse an Reittourismus und der Freizeit mit Pferden. Nach Angaben des Landesverbandes der Reit- und Fahrvereine Sachsen-Anhalt gab es einen sprunghaften Zuwachs an Mitgliedern von gut 8.000 im Jahr 1992 auf fast 12.400 im Jahr 2003. Rund 60 Prozent der Mitglieder sind Jugendliche bis 21 Jahre. Auch die Zahl der Vereine ist im gleichen Zeitraum gewachsen: von 197 im Jahr 1992 auf 311 im Jahr 2003.<\/p>\n<\/div>\n<p>&nbsp;<\/p>\n","protected":false},"excerpt":{"rendered":"<p>Tierschutzpreis des Landes Sachsen-Anhalt 2005 Ehrenpreis f\u00fcr Vollblutaraber-Gest\u00fct Hoher Fl\u00e4ming vergeben Ausriss aus der Pressemitteilung Nr.: 162\/05 des Ministerium f\u00fcr Landwirtschaft und Umwelt \u00a0Sachsen-Anhalts gl\u00fccklichste Pferde leben im Landkreis Wittenberg Ministerin Wernicke \u00fcberreichte Tierschutzpreis. &nbsp; &nbsp; &nbsp; &nbsp; &nbsp; Sachsen-Anhalts Tierschutzpreis 2005 wurde von der Landwirtschafts- und Umweltministerin Petra Wernicke am 5. Oktober 2005 im &hellip; <a href=\"http:\/\/ox-araber-hoher-flaeming.de\/?page_id=424\" class=\"more-link\"><span class=\"screen-reader-text\">Tierschutzpreis 2005<\/span> weiterlesen <span class=\"meta-nav\">&rarr;<\/span><\/a><\/p>\n","protected":false},"author":1,"featured_media":0,"parent":411,"menu_order":0,"comment_status":"closed","ping_status":"open","template":"page-templates\/full-width.php","meta":{"ngg_post_thumbnail":0,"footnotes":""},"_links":{"self":[{"href":"http:\/\/ox-araber-hoher-flaeming.de\/index.php?rest_route=\/wp\/v2\/pages\/424"}],"collection":[{"href":"http:\/\/ox-araber-hoher-flaeming.de\/index.php?rest_route=\/wp\/v2\/pages"}],"about":[{"href":"http:\/\/ox-araber-hoher-flaeming.de\/index.php?rest_route=\/wp\/v2\/types\/page"}],"author":[{"embeddable":true,"href":"http:\/\/ox-araber-hoher-flaeming.de\/index.php?rest_route=\/wp\/v2\/users\/1"}],"replies":[{"embeddable":true,"href":"http:\/\/ox-araber-hoher-flaeming.de\/index.php?rest_route=%2Fwp%2Fv2%2Fcomments&post=424"}],"version-history":[{"count":9,"href":"http:\/\/ox-araber-hoher-flaeming.de\/index.php?rest_route=\/wp\/v2\/pages\/424\/revisions"}],"predecessor-version":[{"id":440,"href":"http:\/\/ox-araber-hoher-flaeming.de\/index.php?rest_route=\/wp\/v2\/pages\/424\/revisions\/440"}],"up":[{"embeddable":true,"href":"http:\/\/ox-araber-hoher-flaeming.de\/index.php?rest_route=\/wp\/v2\/pages\/411"}],"wp:attachment":[{"href":"http:\/\/ox-araber-hoher-flaeming.de\/index.php?rest_route=%2Fwp%2Fv2%2Fmedia&parent=424"}],"curies":[{"name":"wp","href":"https:\/\/api.w.org\/{rel}","templated":true}]}}