{"id":411,"date":"2015-01-24T22:13:00","date_gmt":"2015-01-24T21:13:00","guid":{"rendered":"http:\/\/ox-araber-hoher-flaeming.de\/?page_id=411"},"modified":"2015-01-25T18:46:39","modified_gmt":"2015-01-25T17:46:39","slug":"presse","status":"publish","type":"page","link":"http:\/\/ox-araber-hoher-flaeming.de\/?page_id=411","title":{"rendered":"Presse"},"content":{"rendered":"<p>An dieser Stelle stellen wir Ihnen Presseberichte \u00fcber unser Gest\u00fct zur Verf\u00fcgung.<br \/>\nBitte w\u00e4hlen Sie einen Artikel.<\/p>\n<ul>\n<li><a title=\"Mit den Pferden leben lernen\" href=\"http:\/\/ox-araber-hoher-flaeming.de\/?page_id=415\">Mit den Pferden leben lernen<\/a><\/li>\n<li><a title=\"Artgerechte Haltung\" href=\"http:\/\/ox-araber-hoher-flaeming.de\/?page_id=434\">Artgerechte Haltung<\/a><\/li>\n<li><a title=\"Tierschutzpreis 2005\" href=\"http:\/\/ox-araber-hoher-flaeming.de\/?page_id=424\">Tierschutzpreis 2005<\/a><\/li>\n<\/ul>\n","protected":false},"excerpt":{"rendered":"<p>An dieser Stelle stellen wir Ihnen Presseberichte \u00fcber unser Gest\u00fct zur Verf\u00fcgung. Bitte w\u00e4hlen Sie einen Artikel. Mit den Pferden leben lernen Artgerechte Haltung Tierschutzpreis 2005<\/p>\n","protected":false},"author":1,"featured_media":0,"parent":0,"menu_order":0,"comment_status":"closed","ping_status":"open","template":"","meta":{"ngg_post_thumbnail":0,"footnotes":""},"_links":{"self":[{"href":"http:\/\/ox-araber-hoher-flaeming.de\/index.php?rest_route=\/wp\/v2\/pages\/411"}],"collection":[{"href":"http:\/\/ox-araber-hoher-flaeming.de\/index.php?rest_route=\/wp\/v2\/pages"}],"about":[{"href":"http:\/\/ox-araber-hoher-flaeming.de\/index.php?rest_route=\/wp\/v2\/types\/page"}],"author":[{"embeddable":true,"href":"http:\/\/ox-araber-hoher-flaeming.de\/index.php?rest_route=\/wp\/v2\/users\/1"}],"replies":[{"embeddable":true,"href":"http:\/\/ox-araber-hoher-flaeming.de\/index.php?rest_route=%2Fwp%2Fv2%2Fcomments&post=411"}],"version-history":[{"count":3,"href":"http:\/\/ox-araber-hoher-flaeming.de\/index.php?rest_route=\/wp\/v2\/pages\/411\/revisions"}],"predecessor-version":[{"id":442,"href":"http:\/\/ox-araber-hoher-flaeming.de\/index.php?rest_route=\/wp\/v2\/pages\/411\/revisions\/442"}],"wp:attachment":[{"href":"http:\/\/ox-araber-hoher-flaeming.de\/index.php?rest_route=%2Fwp%2Fv2%2Fmedia&parent=411"}],"curies":[{"name":"wp","href":"https:\/\/api.w.org\/{rel}","templated":true}]}}