{"id":37,"date":"2015-01-24T09:08:11","date_gmt":"2015-01-24T09:08:11","guid":{"rendered":"http:\/\/ox-araber-hoher-flaeming.de\/blog\/?page_id=37"},"modified":"2015-01-24T20:12:18","modified_gmt":"2015-01-24T19:12:18","slug":"pferde","status":"publish","type":"page","link":"http:\/\/ox-araber-hoher-flaeming.de\/?page_id=37","title":{"rendered":"Pferde"},"content":{"rendered":"<p>Mit unserem Zuchthengst <a title=\"Sagomej\" href=\"http:\/\/ox-araber-hoher-flaeming.de\/blog\/?page_id=50\">SAGOMEJ<\/a> ox, Sohn des Elitehengstes EUBEN (v. BANDOS a.d. EUNICE) a.d. SAGONE (v.ANDRUT a.d.SALONA), f\u00fchren wir die bew\u00e4hrten, edlen und leistungsstarken polnischen Linien seit 1998 fort. Mit dem Umzug nach Sachsen-Anhalt im Jahr 2003 haben wir die M\u00f6glichkeit geschaffen, mit unseren Pferden zu leben und noch intensiver zu arbeiten. Unsere Pferde werden nach einer soliden Grundausbildung, die in der Regel das Einfahren einschlie\u00dft, im Western-Stil weiter ausgebildet und geritten.<\/p>\n<p>Der Zuchthengst <a title=\"Sagomej\" href=\"http:\/\/ox-araber-hoher-flaeming.de\/blog\/?page_id=50\">SAGOMEJ<\/a> hat seinen eigenen Offenstall mit Weidegang, nah bei seinen Stuten. F\u00fcr den Hengst ist das sehr entspannend, die Stuten regt es in ihrer Fruchtbarkeit deutlich an.<\/p>\n<p><strong>Ziel dieser Ausbildung<\/strong> ist neben dem Freizeit-Reiten auch der Sport, wobei hier vor allem der Distanz- und Rennsport die idealen Einsatzm\u00f6glichkeiten f\u00fcr den Vollblutaraber darstellen. Auch unsere Zuchtstuten sind f\u00fcr das Freizeitreiten ausgebildet und werden regelm\u00e4\u00dfig gearbeitet. Alle unsere Pferde zeichnen sich durch eine hohe Leistungsbereitschaft, exellentes Inter- und Exterieur aus und sind sehr menschenbezogen.<\/p>\n<p>Unsere Gest\u00fctsanlage orientiert sich an den Kriterien und Anforderungen der <a href=\"http:\/\/www.lag-online.de\/\" target=\"_blank\">Laufstallarbeitsgemeinschaft (LAG)<\/a> und wurde in diesem Jahr mit vier Sternen ausgezeichnet.<\/p>\n<p><strong>Ziel unserer Zucht<\/strong> ist es, mit den weltweit gesch\u00e4tzten Blutlinien der polnischen Staatsgest\u00fcte, Janow Podlaski und Michalow, die sehr guten, leistungsstarken Linien weiterzuf\u00fchren, liebenswerte und charakterfeste Pferde f\u00fcr den ambitionierten Freitzeitreiter, Fahrer, Distanzreiter und Liebhaber dieser Pferde zu z\u00fcchten und anbieten zu k\u00f6nnen.<\/p>\n","protected":false},"excerpt":{"rendered":"<p>Mit unserem Zuchthengst SAGOMEJ ox, Sohn des Elitehengstes EUBEN (v. BANDOS a.d. EUNICE) a.d. SAGONE (v.ANDRUT a.d.SALONA), f\u00fchren wir die bew\u00e4hrten, edlen und leistungsstarken polnischen Linien seit 1998 fort. Mit dem Umzug nach Sachsen-Anhalt im Jahr 2003 haben wir die M\u00f6glichkeit geschaffen, mit unseren Pferden zu leben und noch intensiver zu arbeiten. Unsere Pferde werden &hellip; <a href=\"http:\/\/ox-araber-hoher-flaeming.de\/?page_id=37\" class=\"more-link\"><span class=\"screen-reader-text\">Pferde<\/span> weiterlesen <span class=\"meta-nav\">&rarr;<\/span><\/a><\/p>\n","protected":false},"author":1,"featured_media":393,"parent":0,"menu_order":0,"comment_status":"closed","ping_status":"open","template":"","meta":{"ngg_post_thumbnail":0,"footnotes":""},"_links":{"self":[{"href":"http:\/\/ox-araber-hoher-flaeming.de\/index.php?rest_route=\/wp\/v2\/pages\/37"}],"collection":[{"href":"http:\/\/ox-araber-hoher-flaeming.de\/index.php?rest_route=\/wp\/v2\/pages"}],"about":[{"href":"http:\/\/ox-araber-hoher-flaeming.de\/index.php?rest_route=\/wp\/v2\/types\/page"}],"author":[{"embeddable":true,"href":"http:\/\/ox-araber-hoher-flaeming.de\/index.php?rest_route=\/wp\/v2\/users\/1"}],"replies":[{"embeddable":true,"href":"http:\/\/ox-araber-hoher-flaeming.de\/index.php?rest_route=%2Fwp%2Fv2%2Fcomments&post=37"}],"version-history":[{"count":2,"href":"http:\/\/ox-araber-hoher-flaeming.de\/index.php?rest_route=\/wp\/v2\/pages\/37\/revisions"}],"predecessor-version":[{"id":105,"href":"http:\/\/ox-araber-hoher-flaeming.de\/index.php?rest_route=\/wp\/v2\/pages\/37\/revisions\/105"}],"wp:featuredmedia":[{"embeddable":true,"href":"http:\/\/ox-araber-hoher-flaeming.de\/index.php?rest_route=\/wp\/v2\/media\/393"}],"wp:attachment":[{"href":"http:\/\/ox-araber-hoher-flaeming.de\/index.php?rest_route=%2Fwp%2Fv2%2Fmedia&parent=37"}],"curies":[{"name":"wp","href":"https:\/\/api.w.org\/{rel}","templated":true}]}}