{"id":29,"date":"2015-01-24T07:53:44","date_gmt":"2015-01-24T07:53:44","guid":{"rendered":"http:\/\/ox-araber-hoher-flaeming.de\/blog\/?page_id=29"},"modified":"2016-07-23T14:23:39","modified_gmt":"2016-07-23T12:23:39","slug":"gestuet","status":"publish","type":"page","link":"http:\/\/ox-araber-hoher-flaeming.de\/","title":{"rendered":"Gest\u00fct"},"content":{"rendered":"<p><strong>Ziel unserer Zucht<\/strong> ist es, die weltweit gesch\u00e4tzten Blutlinien der polnischen Staatsgest\u00fcte Janow Podlaski und Michalow sowie einige russische leistungsstarke Linien weiterzuf\u00fchren und liebenswerte und charakterfeste Pferde mit solidem, kr\u00e4ftigem Fundament und sehr guten Bewegungsabl\u00e4ufen f\u00fcr den Sport, den ambitionierten Freizeitreiter und den Liebhaber dieser Pferde zu z\u00fcchten und anzubieten.<\/p>\n<hr \/>\n<p>Unser Vollblutaraber-Gest\u00fct liegt in der alten Mitte Deutschlands, an den Ausl\u00e4ufern des Hohen Fl\u00e4ming in Sachsen-Anhalt, in einer landschaftlich sehr reizvollen Gegend, die zu ausgiebigen Wanderritten einl\u00e4dt.<\/p>\n<p>\n<div class=\"ngg-galleryoverview ngg-slideshow\"\n\tid=\"ngg-slideshow-7a2c88e66c4d205ee11ea05329769e96-5832735950\"\n\tdata-nextgen-gallery-id=\"26\"\n\tdata-gallery-id=\"7a2c88e66c4d205ee11ea05329769e96\"\n\t\tdata-gallery-name=\"startseite\"\n\t\tstyle=\"max-width: 600px;\n\t\t\tmax-height: 400px;\n\t\t\tdisplay: none;\">\n\n\t\n\t\t<a href=\"http:\/\/ox-araber-hoher-flaeming.de\/blog\/wp-content\/gallery\/startseite\/IMGP2712.JPG?t=1634505794\"\n\t\t\ttitle=\"\"\n\t\t\tdata-src=\"http:\/\/ox-araber-hoher-flaeming.de\/blog\/wp-content\/gallery\/startseite\/IMGP2712.JPG?t=1634505794\"\n\t\t\tdata-thumbnail=\"http:\/\/ox-araber-hoher-flaeming.de\/blog\/wp-content\/gallery\/startseite\/thumbs\/thumbs_IMGP2712.JPG?t=1634505794\"\n\t\t\tdata-image-id=\"74\"\n\t\t\tdata-image-name=\"IMGP2712.JPG\"\n\t\t\tdata-title=\"IMGP2712\"\n\t\t\tdata-description=\"\"\n\t\t\t\t\t\t\t\t\t\t\t\t\t\t\tclass=\"ngg-fancybox\" rel=\"7a2c88e66c4d205ee11ea05329769e96\">\n\t\t\t\n\t\t\t<img data-image-id='74'\n\t\t\t\ttitle=\"\"\n\t\t\t\talt=\"IMGP2712\"\n\t\t\t\tsrc=\"http:\/\/ox-araber-hoher-flaeming.de\/blog\/wp-content\/gallery\/startseite\/IMGP2712.JPG?t=1634505794\"\n\t\t\t\tstyle=\"max-height: 380px;\"\/>\n\t\t<\/a>\n\n\t\t\n\t\t<a href=\"http:\/\/ox-araber-hoher-flaeming.de\/blog\/wp-content\/gallery\/startseite\/IMGP2716.JPG?t=1469276288\"\n\t\t\ttitle=\"\"\n\t\t\tdata-src=\"http:\/\/ox-araber-hoher-flaeming.de\/blog\/wp-content\/gallery\/startseite\/IMGP2716.JPG?t=1469276288\"\n\t\t\tdata-thumbnail=\"http:\/\/ox-araber-hoher-flaeming.de\/blog\/wp-content\/gallery\/startseite\/thumbs\/thumbs_IMGP2716.JPG?t=1469276288\"\n\t\t\tdata-image-id=\"73\"\n\t\t\tdata-image-name=\"IMGP2716.JPG\"\n\t\t\tdata-title=\"IMGP2716\"\n\t\t\tdata-description=\"\"\n\t\t\t\t\t\t\t\t\t\t\t\t\t\t\tclass=\"ngg-fancybox\" rel=\"7a2c88e66c4d205ee11ea05329769e96\">\n\t\t\t\n\t\t\t<img data-image-id='73'\n\t\t\t\ttitle=\"\"\n\t\t\t\talt=\"IMGP2716\"\n\t\t\t\tsrc=\"http:\/\/ox-araber-hoher-flaeming.de\/blog\/wp-content\/gallery\/startseite\/IMGP2716.JPG?t=1469276288\"\n\t\t\t\tstyle=\"max-height: 380px;\"\/>\n\t\t<\/a>\n\n\t\t\n\t\t<a href=\"http:\/\/ox-araber-hoher-flaeming.de\/blog\/wp-content\/gallery\/startseite\/IMGP2719.JPG?t=1469276307\"\n\t\t\ttitle=\"\"\n\t\t\tdata-src=\"http:\/\/ox-araber-hoher-flaeming.de\/blog\/wp-content\/gallery\/startseite\/IMGP2719.JPG?t=1469276307\"\n\t\t\tdata-thumbnail=\"http:\/\/ox-araber-hoher-flaeming.de\/blog\/wp-content\/gallery\/startseite\/thumbs\/thumbs_IMGP2719.JPG?t=1469276307\"\n\t\t\tdata-image-id=\"75\"\n\t\t\tdata-image-name=\"IMGP2719.JPG\"\n\t\t\tdata-title=\"IMGP2719\"\n\t\t\tdata-description=\"\"\n\t\t\t\t\t\t\t\t\t\t\t\t\t\t\tclass=\"ngg-fancybox\" rel=\"7a2c88e66c4d205ee11ea05329769e96\">\n\t\t\t\n\t\t\t<img data-image-id='75'\n\t\t\t\ttitle=\"\"\n\t\t\t\talt=\"IMGP2719\"\n\t\t\t\tsrc=\"http:\/\/ox-araber-hoher-flaeming.de\/blog\/wp-content\/gallery\/startseite\/IMGP2719.JPG?t=1469276307\"\n\t\t\t\tstyle=\"max-height: 380px;\"\/>\n\t\t<\/a>\n\n\t\t\n\t\t<a href=\"http:\/\/ox-araber-hoher-flaeming.de\/blog\/wp-content\/gallery\/startseite\/IMGP2784.JPG?t=1469276278\"\n\t\t\ttitle=\"\"\n\t\t\tdata-src=\"http:\/\/ox-araber-hoher-flaeming.de\/blog\/wp-content\/gallery\/startseite\/IMGP2784.JPG?t=1469276278\"\n\t\t\tdata-thumbnail=\"http:\/\/ox-araber-hoher-flaeming.de\/blog\/wp-content\/gallery\/startseite\/thumbs\/thumbs_IMGP2784.JPG?t=1469276278\"\n\t\t\tdata-image-id=\"72\"\n\t\t\tdata-image-name=\"IMGP2784.JPG\"\n\t\t\tdata-title=\"IMGP2784\"\n\t\t\tdata-description=\"\"\n\t\t\t\t\t\t\t\t\t\t\t\t\t\t\tclass=\"ngg-fancybox\" rel=\"7a2c88e66c4d205ee11ea05329769e96\">\n\t\t\t\n\t\t\t<img data-image-id='72'\n\t\t\t\ttitle=\"\"\n\t\t\t\talt=\"IMGP2784\"\n\t\t\t\tsrc=\"http:\/\/ox-araber-hoher-flaeming.de\/blog\/wp-content\/gallery\/startseite\/IMGP2784.JPG?t=1469276278\"\n\t\t\t\tstyle=\"max-height: 380px;\"\/>\n\t\t<\/a>\n\n\t\t<\/div>\n\n\t\t<!-- Thumbnails Link -->\n\t<div class=\"slideshowlink\" style=\"max-width: 600px;\">\n\t\t<a href='http:\/\/ox-araber-hoher-flaeming.de\/index.php\/nggallery\/thumbnails?rest_route=%2Fwp%2Fv2%2Fpages%2F29'>[Zeige Vorschaubilder]<\/a>\n\t<\/div>\n\n<\/p>\n<div style=\"font-size: 10px;\">Foto: <a href=\"http:\/\/www.zoomperformance.de\/\" target=\"_blank\">Melanie Groger\/ZoomPerformance<\/a><\/div>\n","protected":false},"excerpt":{"rendered":"<p>Ziel unserer Zucht ist es, die weltweit gesch\u00e4tzten Blutlinien der polnischen Staatsgest\u00fcte Janow Podlaski und Michalow sowie einige russische leistungsstarke Linien weiterzuf\u00fchren und liebenswerte und charakterfeste Pferde mit solidem, kr\u00e4ftigem Fundament und sehr guten Bewegungsabl\u00e4ufen f\u00fcr den Sport, den ambitionierten Freizeitreiter und den Liebhaber dieser Pferde zu z\u00fcchten und anzubieten. Unser Vollblutaraber-Gest\u00fct liegt in der &hellip; <a href=\"http:\/\/ox-araber-hoher-flaeming.de\/\" class=\"more-link\"><span class=\"screen-reader-text\">Gest\u00fct<\/span> weiterlesen <span class=\"meta-nav\">&rarr;<\/span><\/a><\/p>\n","protected":false},"author":1,"featured_media":26,"parent":0,"menu_order":0,"comment_status":"closed","ping_status":"open","template":"","meta":{"ngg_post_thumbnail":0,"footnotes":""},"_links":{"self":[{"href":"http:\/\/ox-araber-hoher-flaeming.de\/index.php?rest_route=\/wp\/v2\/pages\/29"}],"collection":[{"href":"http:\/\/ox-araber-hoher-flaeming.de\/index.php?rest_route=\/wp\/v2\/pages"}],"about":[{"href":"http:\/\/ox-araber-hoher-flaeming.de\/index.php?rest_route=\/wp\/v2\/types\/page"}],"author":[{"embeddable":true,"href":"http:\/\/ox-araber-hoher-flaeming.de\/index.php?rest_route=\/wp\/v2\/users\/1"}],"replies":[{"embeddable":true,"href":"http:\/\/ox-araber-hoher-flaeming.de\/index.php?rest_route=%2Fwp%2Fv2%2Fcomments&post=29"}],"version-history":[{"count":7,"href":"http:\/\/ox-araber-hoher-flaeming.de\/index.php?rest_route=\/wp\/v2\/pages\/29\/revisions"}],"predecessor-version":[{"id":519,"href":"http:\/\/ox-araber-hoher-flaeming.de\/index.php?rest_route=\/wp\/v2\/pages\/29\/revisions\/519"}],"wp:featuredmedia":[{"embeddable":true,"href":"http:\/\/ox-araber-hoher-flaeming.de\/index.php?rest_route=\/wp\/v2\/media\/26"}],"wp:attachment":[{"href":"http:\/\/ox-araber-hoher-flaeming.de\/index.php?rest_route=%2Fwp%2Fv2%2Fmedia&parent=29"}],"curies":[{"name":"wp","href":"https:\/\/api.w.org\/{rel}","templated":true}]}}